{"id":60,"date":"2024-12-07T05:12:59","date_gmt":"2024-12-07T05:12:59","guid":{"rendered":"http:\/\/lizethgalvez.com\/about-us\/"},"modified":"2025-01-02T04:25:44","modified_gmt":"2025-01-02T04:25:44","slug":"sobre-mi","status":"publish","type":"page","link":"https:\/\/lizethgalvez.com\/en\/sobre-mi\/","title":{"rendered":"About me"},"content":{"rendered":"<div class=\"wp-block-uagb-container uagb-layout-grid uagb-block-e63185fe alignfull uagb-is-root-container\"><div class=\"uagb-container-inner-blocks-wrap\">\n<div class=\"wp-block-uagb-advanced-heading uagb-block-6e7b9816\"><div class=\"uagb-separator\"><\/div><p class=\"uagb-heading-text\">Digital Services to Boost Your Business<\/p><\/div>\n\n\n\n<div class=\"wp-block-uagb-advanced-heading uagb-block-88cbb78a\"><h1 class=\"uagb-heading-text\">About Me<\/h1><\/div>\n<\/div><\/div>\n\n\n\n<div class=\"wp-block-uagb-container uagb-block-611a69b7 alignfull uagb-is-root-container\"><div class=\"uagb-container-inner-blocks-wrap\">\n<div class=\"wp-block-uagb-container uagb-layout-grid uagb-block-23736215 alignfull uagb-is-root-container\"><div class=\"uagb-container-inner-blocks-wrap\">\n<div class=\"wp-block-uagb-info-box uagb-block-fbe7153b uagb-infobox__content-wrap  uagb-infobox-icon-above-title uagb-infobox-image-valign-top wp-block-uagb-info-box--has-margin\"><div class=\"uagb-infobox-margin-wrapper\"><div class=\"uagb-ifb-content\"><div class=\"uagb-ifb-title-wrap\"><h6 class=\"uagb-ifb-title-prefix\">01<\/h6><h5 class=\"uagb-ifb-title\">Career Path<\/h5><\/div><\/div><\/div><\/div>\n\n\n\n<div class=\"wp-block-uagb-advanced-heading uagb-block-3cc0ab6f\"><h2 class=\"uagb-heading-text\">I transform ideas into experiences that connect<\/h2><\/div>\n<\/div><\/div>\n<\/div><\/div>\n\n\n\n<div class=\"wp-block-uagb-container uagb-block-1b47610a alignfull uagb-is-root-container\"><div class=\"uagb-container-inner-blocks-wrap\">\n<div class=\"wp-block-uagb-container uagb-block-486cbca5\">\n<div class=\"wp-block-uagb-advanced-heading uagb-block-dea4da72\"><h4 class=\"uagb-heading-text\">My approach combines creativity, strategy, and proven methodologies like Design Thinking to ensure effective solutions aligned with your objectives.<\/h4><\/div>\n\n\n\n<div class=\"wp-block-uagb-container uagb-layout-grid uagb-block-264b9815\">\n<div class=\"wp-block-uagb-advanced-heading uagb-block-e219e773\"><h3 class=\"uagb-heading-text\">Create Without Limits, Make an Impact Through Design<\/h3><\/div>\n\n\n\n<div class=\"wp-block-uagb-advanced-heading uagb-block-93987b5b\"><p class=\"uagb-heading-text\">With over a decade in the design industry, I have collaborated with diverse clients, from startups to established companies, helping them achieve their business goals through strategic and creative design. <br><br>I specialize in UX\/UI Design, creating intuitive and visually appealing interfaces that enhance user experiences. My expertise in Branding allows me to develop strong and cohesive brand identities that align with business goals. With a deep understanding of Visual Communication, I design impactful materials that effectively convey messages. Additionally, I have experience in Workshops and Training, guiding teams in design methodologies and innovation to foster creativity and strategic thinking<\/p><\/div>\n<\/div>\n<\/div>\n<\/div><\/div>\n\n\n\n<div class=\"wp-block-uagb-container uagb-layout-grid uagb-block-86eaa008 alignfull uagb-is-root-container\"><div class=\"uagb-container-inner-blocks-wrap\">\n<div class=\"wp-block-uagb-info-box uagb-block-50bb73fb uagb-infobox__content-wrap  uagb-infobox-icon-above-title uagb-infobox-image-valign-top wp-block-uagb-info-box--has-margin\"><div class=\"uagb-infobox-margin-wrapper\"><div class=\"uagb-ifb-content\"><div class=\"uagb-ifb-title-wrap\"><h6 class=\"uagb-ifb-title-prefix\">02<\/h6><h5 class=\"uagb-ifb-title\">Professional<\/h5><\/div><\/div><\/div><\/div>\n\n\n\n<div class=\"wp-block-uagb-advanced-heading uagb-block-a8324f59\"><h2 class=\"uagb-heading-text\">Experience<\/h2><\/div>\n<\/div><\/div>\n\n\n\n<div class=\"wp-block-uagb-container uagb-block-ed4d0f0a alignfull uagb-is-root-container\"><div class=\"uagb-container-inner-blocks-wrap\">\n<div class=\"wp-block-uagb-container uagb-layout-grid uagb-block-8a8ce6ba\">\n<div class=\"wp-block-uagb-info-box uagb-block-7baa4582 uagb-infobox__content-wrap  uagb-infobox-icon-above-title uagb-infobox-image-valign-top wp-block-uagb-info-box--has-margin\"><div class=\"uagb-infobox-margin-wrapper\"><div class=\"uagb-ifb-content\"><div class=\"uagb-ifb-title-wrap\"><h4 class=\"uagb-ifb-title-prefix\">VCA Per\u00fa | 2022 \u2013 2024<\/h4><p class=\"uagb-ifb-title\">UX\/UI Design Consultant<\/p><\/div><p class=\"uagb-ifb-desc\">I led user-centered digital projects, from research and benchmarking to prototyping on platforms like Figma. I coordinated multidisciplinary teams, enhancing CMS platforms and developing innovative solutions in artificial intelligence and social media.<\/p><\/div><\/div><\/div>\n\n\n\n<div class=\"wp-block-uagb-info-box uagb-block-5a10c1ea uagb-infobox__content-wrap  uagb-infobox-icon-above-title uagb-infobox-image-valign-top wp-block-uagb-info-box--has-margin\"><div class=\"uagb-infobox-margin-wrapper\"><div class=\"uagb-ifb-content\"><div class=\"uagb-ifb-title-wrap\"><h4 class=\"uagb-ifb-title-prefix\">NTConsult Inc. | 2022<\/h4><p class=\"uagb-ifb-title\"><strong>Senior UX Consultant<\/strong><\/p><\/div><p class=\"uagb-ifb-desc\">As a Senior UX Consultant, I designed strategies to optimize digital platforms through in-depth research and usability testing. I implemented methodologies like Design Thinking to ensure effective solutions. <\/p><\/div><\/div><\/div>\n\n\n\n<div class=\"wp-block-uagb-info-box uagb-block-2a15b58f uagb-infobox__content-wrap  uagb-infobox-icon-above-title uagb-infobox-image-valign-top wp-block-uagb-info-box--has-margin\"><div class=\"uagb-infobox-margin-wrapper\"><div class=\"uagb-ifb-content\"><div class=\"uagb-ifb-title-wrap\"><h4 class=\"uagb-ifb-title-prefix\">PCM \u2013 Gob.pe | 2021<\/h4><p class=\"uagb-ifb-title\"><strong><strong>Senior UX Consultant<\/strong><\/strong><\/p><\/div><p class=\"uagb-ifb-desc\">I worked on the digital transformation of Gob.pe, enhancing key sections such as statistics and legal regulations. I designed user-centered prototypes using agile tools and methodologies.<\/p><\/div><\/div><\/div>\n\n\n\n<div class=\"wp-block-uagb-info-box uagb-block-234df6e0 uagb-infobox__content-wrap  uagb-infobox-icon-above-title uagb-infobox-image-valign-top wp-block-uagb-info-box--has-margin\"><div class=\"uagb-infobox-margin-wrapper\"><div class=\"uagb-ifb-content\"><div class=\"uagb-ifb-title-wrap\"><h4 class=\"uagb-ifb-title-prefix\">Minedu | 2020<\/h4><p class=\"uagb-ifb-title\"><strong><strong>Senior UX Consultant<\/strong><\/strong><\/p><\/div><p class=\"uagb-ifb-desc\">I developed and tested prototypes for the Per\u00faEduca app, focusing on both online and offline functionalities. I conducted research with teachers and students from various regions, ensuring an inclusive design<\/p><\/div><\/div><\/div>\n\n\n\n<div class=\"wp-block-uagb-info-box uagb-block-d8578cb7 uagb-infobox__content-wrap  uagb-infobox-icon-above-title uagb-infobox-image-valign-top wp-block-uagb-info-box--has-margin\"><div class=\"uagb-infobox-margin-wrapper\"><div class=\"uagb-ifb-content\"><div class=\"uagb-ifb-title-wrap\"><h4 class=\"uagb-ifb-title-prefix\">ICTYS | 2017 \u2013 2019<\/h4><p class=\"uagb-ifb-title\"><strong><strong>Head of Design<\/strong><\/strong><\/p><\/div><p class=\"uagb-ifb-desc\">I developed visual design strategies for cultural programs, from wireframes to website design. I supervised user testing, ensuring digital experiences aligned with cultural objectives.<\/p><\/div><\/div><\/div>\n\n\n\n<div class=\"wp-block-uagb-info-box uagb-block-32500f57 uagb-infobox__content-wrap  uagb-infobox-icon-above-title uagb-infobox-image-valign-top wp-block-uagb-info-box--has-margin\"><div class=\"uagb-infobox-margin-wrapper\"><div class=\"uagb-ifb-content\"><div class=\"uagb-ifb-title-wrap\"><h4 class=\"uagb-ifb-title-prefix\">Hidrostal | 2010 \u2013 2016<\/h4><p class=\"uagb-ifb-title\"><strong><strong>Design Consultant<\/strong><\/strong><\/p><\/div><p class=\"uagb-ifb-desc\">I designed interactive catalogs and technical manuals, optimizing visual communication for key departments. I conducted user research and testing to ensure functional and intuitive solutions.<\/p><\/div><\/div><\/div>\n<\/div>\n<\/div><\/div>","protected":false},"excerpt":{"rendered":"<p>Your Attractive Heading Sobre m\u00ed Transformo ideas en experiencias \u00fanicas Mi trayectoria combina creatividad, estrategia y dise\u00f1o para crear soluciones visuales y digitales que conectan con las personas y generan resultados Crea sin l\u00edmites, impacta con dise\u00f1o Con m\u00e1s de 15 a\u00f1os de experiencia en dise\u00f1o gr\u00e1fico publicitario y branding, he ayudado a empresas de [&hellip;]<\/p>","protected":false},"author":1,"featured_media":0,"parent":0,"menu_order":0,"comment_status":"closed","ping_status":"closed","template":"","meta":{"om_disable_all_campaigns":false,"_uag_custom_page_level_css":"","_monsterinsights_skip_tracking":false,"_monsterinsights_sitenote_active":false,"_monsterinsights_sitenote_note":"","_monsterinsights_sitenote_category":0,"site-sidebar-layout":"default","site-content-layout":"","ast-site-content-layout":"default","site-content-style":"default","site-sidebar-style":"default","ast-global-header-display":"","ast-banner-title-visibility":"","ast-main-header-display":"","ast-hfb-above-header-display":"","ast-hfb-below-header-display":"","ast-hfb-mobile-header-display":"","site-post-title":"disabled","ast-breadcrumbs-content":"","ast-featured-img":"","footer-sml-layout":"","theme-transparent-header-meta":"enabled","adv-header-id-meta":"","stick-header-meta":"","header-above-stick-meta":"","header-main-stick-meta":"","header-below-stick-meta":"","astra-migrate-meta-layouts":"set","ast-page-background-enabled":"default","ast-page-background-meta":{"desktop":{"background-color":"var(--ast-global-color-4)","background-image":"","background-repeat":"repeat","background-position":"center center","background-size":"auto","background-attachment":"scroll","background-type":"","background-media":"","overlay-type":"","overlay-color":"","overlay-opacity":"","overlay-gradient":""},"tablet":{"background-color":"","background-image":"","background-repeat":"repeat","background-position":"center center","background-size":"auto","background-attachment":"scroll","background-type":"","background-media":"","overlay-type":"","overlay-color":"","overlay-opacity":"","overlay-gradient":""},"mobile":{"background-color":"","background-image":"","background-repeat":"repeat","background-position":"center center","background-size":"auto","background-attachment":"scroll","background-type":"","background-media":"","overlay-type":"","overlay-color":"","overlay-opacity":"","overlay-gradient":""}},"ast-content-background-meta":{"desktop":{"background-color":"var(--ast-global-color-5)","background-image":"","background-repeat":"repeat","background-position":"center center","background-size":"auto","background-attachment":"scroll","background-type":"","background-media":"","overlay-type":"","overlay-color":"","overlay-opacity":"","overlay-gradient":""},"tablet":{"background-color":"var(--ast-global-color-5)","background-image":"","background-repeat":"repeat","background-position":"center center","background-size":"auto","background-attachment":"scroll","background-type":"","background-media":"","overlay-type":"","overlay-color":"","overlay-opacity":"","overlay-gradient":""},"mobile":{"background-color":"var(--ast-global-color-5)","background-image":"","background-repeat":"repeat","background-position":"center center","background-size":"auto","background-attachment":"scroll","background-type":"","background-media":"","overlay-type":"","overlay-color":"","overlay-opacity":"","overlay-gradient":""}},"footnotes":""},"class_list":["post-60","page","type-page","status-publish","hentry"],"aioseo_notices":[],"uagb_featured_image_src":{"full":false,"thumbnail":false,"medium":false,"medium_large":false,"large":false,"1536x1536":false,"2048x2048":false,"trp-custom-language-flag":false},"uagb_author_info":{"display_name":"ventas@lizethgalvez.com","author_link":"https:\/\/lizethgalvez.com\/en\/author\/ventaslizethgalvez-com\/"},"uagb_comment_info":0,"uagb_excerpt":"Your Attractive Heading Sobre m\u00ed Transformo ideas en experiencias \u00fanicas Mi trayectoria combina creatividad, estrategia y dise\u00f1o para crear soluciones visuales y digitales que conectan con las personas y generan resultados Crea sin l\u00edmites, impacta con dise\u00f1o Con m\u00e1s de 15 a\u00f1os de experiencia en dise\u00f1o gr\u00e1fico publicitario y branding, he ayudado a empresas de&hellip;","_links":{"self":[{"href":"https:\/\/lizethgalvez.com\/en\/wp-json\/wp\/v2\/pages\/60","targetHints":{"allow":["GET"]}}],"collection":[{"href":"https:\/\/lizethgalvez.com\/en\/wp-json\/wp\/v2\/pages"}],"about":[{"href":"https:\/\/lizethgalvez.com\/en\/wp-json\/wp\/v2\/types\/page"}],"author":[{"embeddable":true,"href":"https:\/\/lizethgalvez.com\/en\/wp-json\/wp\/v2\/users\/1"}],"replies":[{"embeddable":true,"href":"https:\/\/lizethgalvez.com\/en\/wp-json\/wp\/v2\/comments?post=60"}],"version-history":[{"count":40,"href":"https:\/\/lizethgalvez.com\/en\/wp-json\/wp\/v2\/pages\/60\/revisions"}],"predecessor-version":[{"id":1398,"href":"https:\/\/lizethgalvez.com\/en\/wp-json\/wp\/v2\/pages\/60\/revisions\/1398"}],"wp:attachment":[{"href":"https:\/\/lizethgalvez.com\/en\/wp-json\/wp\/v2\/media?parent=60"}],"curies":[{"name":"wp","href":"https:\/\/api.w.org\/{rel}","templated":true}]}}